{"id":2235,"date":"2025-11-12T11:16:00","date_gmt":"2025-11-12T11:16:00","guid":{"rendered":"https:\/\/cliniqueoneskin.com\/cicatrices-et-vergetures\/"},"modified":"2026-02-16T10:00:43","modified_gmt":"2026-02-16T10:00:43","slug":"cicatrices-et-vergetures","status":"publish","type":"page","link":"https:\/\/cliniqueoneskin.com\/fr\/cicatrices-et-vergetures\/","title":{"rendered":"Cicatrices et vergetures"},"content":{"rendered":"\n<div class=\"wp-block-cover alignfull is-light inner-page-banner banner-form dark\"><img decoding=\"async\" width=\"1920\" height=\"272\" class=\"wp-block-cover__image-background wp-image-323 size-full\" alt=\"Treatment Pages\" src=\"https:\/\/cliniqueoneskin.com\/wp-content\/uploads\/2025\/10\/treatment-pages.jpg\" style=\"object-position:50% 0%\" data-object-fit=\"cover\" data-object-position=\"50% 0%\"\/><span aria-hidden=\"true\" class=\"wp-block-cover__background has-background-dim-0 has-background-dim\"><\/span><div class=\"wp-block-cover__inner-container is-layout-flow wp-block-cover-is-layout-flow\">\n<div class=\"wp-block-genesis-blocks-gb-columns gb-layout-columns-1 gb-1-col-equal\"><div class=\"gb-layout-column-wrap gb-block-layout-column-gap-2 gb-is-responsive-column\">\n<div class=\"wp-block-genesis-blocks-gb-column banner-text gb-block-layout-column\"><div class=\"gb-block-layout-column-inner\">\n<h1 class=\"wp-block-heading has-text-align-center align-left-on-mobile has-theme-primary-color has-text-color has-link-color wp-elements-c7602054bd60cd9a5e447b243f5c1653\">Vergetures<\/h1>\n<\/div><\/div>\n<\/div><\/div>\n<\/div><\/div>\n\n<div class=\"wp-block-group alignfull\"><div class=\"wp-block-group__inner-container is-layout-constrained wp-block-group-is-layout-constrained\">\n<div style=\"height:100px\" aria-hidden=\"true\" class=\"wp-block-spacer is-style-global-spacer\"><\/div>\n\n\n\n<h2 class=\"wp-block-heading alignwide has-text-align-center align-left-on-mobile\">Description<\/h2>\n\n\n\n<div class=\"wp-block-genesis-blocks-gb-container gb-block-container\"><div class=\"gb-container-inside\"><div class=\"gb-container-content\" style=\"max-width:827px\">\n<p class=\"has-text-align-center align-left-on-mobile mb-0\">Les vergetures sont des stries visibles caus\u00e9es par l&rsquo;\u00e9tirement rapide de la peau. Elles peuvent \u00eatre rouges, violettes ou argent\u00e9es. <\/p>\n<\/div><\/div><\/div>\n\n\n\n<div style=\"height:100px\" aria-hidden=\"true\" class=\"wp-block-spacer is-style-global-spacer\"><\/div>\n\n\n\n<div class=\"wp-block-genesis-blocks-gb-columns reversed-on-mobile gb-layout-columns-2 gb-2-col-equal\"><div class=\"gb-layout-column-wrap gb-block-layout-column-gap-2 gb-is-responsive-column\">\n<div class=\"wp-block-genesis-blocks-gb-column mb-0 gb-block-layout-column gb-is-vertically-aligned-center\"><div class=\"gb-block-layout-column-inner\">\n<div class=\"wp-block-genesis-blocks-gb-container mb-0 gb-block-container\"><div class=\"gb-container-inside\"><div class=\"gb-container-content\" style=\"max-width:700px\">\n<h2 class=\"wp-block-heading\">Causes<\/h2>\n\n\n\n<ul class=\"wp-block-list is-style-checklist\">\n<li>Changements hormonaux (pubert\u00e9, grossesse)<\/li>\n\n\n\n<li>Fluctuations rapides de poids<\/li>\n\n\n\n<li>Pr\u00e9disposition g\u00e9n\u00e9tique<\/li>\n<\/ul>\n<\/div><\/div><\/div>\n<\/div><\/div>\n\n\n\n<div class=\"wp-block-genesis-blocks-gb-column mb-30 gb-block-layout-column\"><div class=\"gb-block-layout-column-inner\" style=\"text-align:right\">\n<figure class=\"wp-block-image size-full ml-auto\"><img decoding=\"async\" width=\"962\" height=\"900\" src=\"https:\/\/cliniqueoneskin.com\/wp-content\/uploads\/2026\/02\/stretch-marks-causes.jpg\" alt=\"Causes des vergetures\" class=\"wp-image-3980\"\/><\/figure>\n<\/div><\/div>\n<\/div><\/div>\n\n\n\n<div style=\"height:80px\" aria-hidden=\"true\" class=\"wp-block-spacer is-style-global-spacer-30-m\"><\/div>\n<\/div><\/div>\n\n<div class=\"wp-block-group alignfull has-background\" style=\"background-color:#f8f8f3\"><div class=\"wp-block-group__inner-container is-layout-constrained wp-block-group-is-layout-constrained\">\n<div style=\"height:100px\" aria-hidden=\"true\" class=\"wp-block-spacer is-style-global-spacer\"><\/div>\n\n\n\n<div class=\"wp-block-genesis-blocks-gb-columns gb-layout-columns-2 gb-2-col-equal\"><div class=\"gb-layout-column-wrap gb-block-layout-column-gap-2 gb-is-responsive-column\">\n<div class=\"wp-block-genesis-blocks-gb-column gb-block-layout-column gb-is-vertically-aligned-top\"><div class=\"gb-block-layout-column-inner\">\n<figure class=\"wp-block-image size-full ml-auto\"><img decoding=\"async\" width=\"962\" height=\"900\" src=\"https:\/\/cliniqueoneskin.com\/wp-content\/uploads\/2026\/02\/stretch-marks-treatment-options.jpg\" alt=\"Options de traitement des vergetures\" class=\"wp-image-3979\"\/><\/figure>\n<\/div><\/div>\n\n\n\n<div class=\"wp-block-genesis-blocks-gb-column gb-block-layout-column gb-is-vertically-aligned-center\"><div class=\"gb-block-layout-column-inner\">\n<div class=\"wp-block-genesis-blocks-gb-container ml-auto gb-block-container\"><div class=\"gb-container-inside\"><div class=\"gb-container-content\" style=\"max-width:642px\">\n<h2 class=\"wp-block-heading\">Options de traitement<\/h2>\n\n\n\n<ul class=\"wp-block-list is-style-checklist\">\n<li>Microneedling avec PRP\/Exosomes<\/li>\n\n\n\n<li>Laser Sultra 1570 nm<\/li>\n\n\n\n<li>Laser Genesis<\/li>\n\n\n\n<li>Cosm\u00e9ceutiques<\/li>\n\n\n\n<li>Th\u00e9rapie LED<\/li>\n<\/ul>\n<\/div><\/div><\/div>\n<\/div><\/div>\n<\/div><\/div>\n\n\n\n<div style=\"height:80px\" aria-hidden=\"true\" class=\"wp-block-spacer is-style-global-spacer-30-m\"><\/div>\n<\/div><\/div>\n\n<div class=\"wp-block-group alignfull\"><div class=\"wp-block-group__inner-container is-layout-constrained wp-block-group-is-layout-constrained\">\n<div style=\"height:100px\" aria-hidden=\"true\" class=\"wp-block-spacer is-style-global-spacer-50-m\"><\/div>\n\n\n\n<div class=\"wp-block-genesis-blocks-gb-columns reversed-on-mobile gb-layout-columns-2 gb-2-col-equal\"><div class=\"gb-layout-column-wrap gb-block-layout-column-gap-2 gb-is-responsive-column\">\n<div class=\"wp-block-genesis-blocks-gb-column mb-0 gb-block-layout-column gb-is-vertically-aligned-center\"><div class=\"gb-block-layout-column-inner\">\n<div class=\"wp-block-genesis-blocks-gb-container no-margin-container gb-block-container\"><div class=\"gb-container-inside\"><div class=\"gb-container-content\" style=\"max-width:642px\">\n<h2 class=\"wp-block-heading\">\u00c0 quoi s&rsquo;attendre<\/h2>\n\n\n\n<p class=\"mb-0\">Les marques r\u00e9centes s&rsquo;estompent g\u00e9n\u00e9ralement plus rapidement. La plupart des personnes ont besoin de 3 \u00e0 6 s\u00e9ances, selon la profondeur, la couleur et la r\u00e9ponse cutan\u00e9e.<\/p>\n<\/div><\/div><\/div>\n<\/div><\/div>\n\n\n\n<div class=\"wp-block-genesis-blocks-gb-column mb-30 gb-block-layout-column\"><div class=\"gb-block-layout-column-inner\" style=\"text-align:right\">\n<figure class=\"wp-block-image size-full ml-auto\"><img decoding=\"async\" width=\"962\" height=\"900\" src=\"https:\/\/cliniqueoneskin.com\/wp-content\/uploads\/2026\/02\/stretch-marks-what-to-expect.jpg\" alt=\"Vergetures : &#xE0; quoi s'attendre\" class=\"wp-image-3978\"\/><\/figure>\n<\/div><\/div>\n<\/div><\/div>\n\n\n\n<div style=\"height:60px\" aria-hidden=\"true\" class=\"wp-block-spacer is-style-global-spacer\"><\/div>\n<\/div><\/div>\n\n<div class=\"wp-block-group alignfull has-background\" style=\"background-color:#f8f8f3\"><div class=\"wp-block-group__inner-container is-layout-constrained wp-block-group-is-layout-constrained\">\n<div style=\"height:100px\" aria-hidden=\"true\" class=\"wp-block-spacer global-spacer is-style-global-spacer\"><\/div>\n\n\n\n<div class=\"wp-block-genesis-blocks-gb-columns gb-layout-columns-2 gb-2-col-equal\"><div class=\"gb-layout-column-wrap gb-block-layout-column-gap-3 gb-is-responsive-column\">\n<div class=\"wp-block-genesis-blocks-gb-column gb-block-layout-column gb-is-vertically-aligned-top\"><div class=\"gb-block-layout-column-inner\">\n<figure class=\"wp-block-image size-full ml-auto\"><img decoding=\"async\" width=\"962\" height=\"900\" src=\"https:\/\/cliniqueoneskin.com\/wp-content\/uploads\/2026\/02\/stretch-marks-prevention-at-home-advice.jpg\" alt=\"Pr&#xE9;vention des vergetures : conseils &#xE0; domicile\" class=\"wp-image-3977\"\/><\/figure>\n<\/div><\/div>\n\n\n\n<div class=\"wp-block-genesis-blocks-gb-column gb-block-layout-column gb-is-vertically-aligned-center\"><div class=\"gb-block-layout-column-inner\">\n<div class=\"wp-block-genesis-blocks-gb-container no-margin-container gb-block-container\"><div class=\"gb-container-inside\"><div class=\"gb-container-content\" style=\"max-width:729px\">\n<h2 class=\"wp-block-heading\">Pr\u00e9vention et conseils \u00e0 domicile<\/h2>\n\n\n\n<ul class=\"wp-block-list is-style-checklist\">\n<li>Maintenir une bonne hydratation de la peau<\/li>\n\n\n\n<li>Utiliser des cr\u00e8mes qui soutiennent l&rsquo;\u00e9lasticit\u00e9<\/li>\n\n\n\n<li>Commencer le traitement aux premiers signes<\/li>\n<\/ul>\n<\/div><\/div><\/div>\n<\/div><\/div>\n<\/div><\/div>\n\n\n\n<div style=\"height:80px\" aria-hidden=\"true\" class=\"wp-block-spacer is-style-global-spacer-30-m\"><\/div>\n<\/div><\/div>\n\n<div class=\"wp-block-group alignwide\"><div class=\"wp-block-group__inner-container is-layout-constrained wp-block-group-is-layout-constrained\">\n<div style=\"height:100px\" aria-hidden=\"true\" class=\"wp-block-spacer is-style-global-spacer\"><\/div>\n\n\n\n<hr class=\"wp-block-separator alignwide has-text-color has-theme-primary-color has-alpha-channel-opacity has-theme-primary-background-color has-background treatments-separator mb-40\"\/>\n\n\n\n<h2 class=\"wp-block-heading has-text-align-center mb-40 has-theme-primary-color has-text-color has-link-color wp-elements-1b9d1a3606205497defe6e646e3dd504\">Notre philosophie<\/h2>\n\n\n\n<div class=\"wp-block-genesis-blocks-gb-container gb-block-container\"><div class=\"gb-container-inside\"><div class=\"gb-container-content\" style=\"max-width:702px\">\n<p class=\"has-text-align-center mb-0\">Les vergetures refl\u00e8tent le changement. Nous les adoucissons avec bienveillance, jamais avec honte. <\/p>\n<\/div><\/div><\/div>\n\n\n\n<hr class=\"wp-block-separator alignwide has-text-color has-theme-primary-color has-alpha-channel-opacity has-theme-primary-background-color has-background treatments-separator mt-40\"\/>\n\n\n\n<div style=\"height:100px\" aria-hidden=\"true\" class=\"wp-block-spacer is-style-global-spacer\"><\/div>\n<\/div><\/div>\n\n<div class=\"wp-block-cover alignfull is-light consultation\"><img decoding=\"async\" width=\"1937\" height=\"813\" class=\"wp-block-cover__image-background wp-image-161 size-full\" alt=\"Schedule A Free Consultation BG\" src=\"https:\/\/cliniqueoneskin.com\/wp-content\/uploads\/2025\/10\/schedule-a-free-consultation-bg.jpg\" data-object-fit=\"cover\"\/><span aria-hidden=\"true\" class=\"wp-block-cover__background has-background-dim-80 has-background-dim\" style=\"background-color:#f9efe6\"><\/span><div class=\"wp-block-cover__inner-container is-layout-constrained wp-block-cover-is-layout-constrained\">\n<div class=\"wp-block-genesis-blocks-gb-columns ticss-6fc621f0  max-width-1342 gb-layout-columns-2 gb-2-col-equal gb-columns-center alignwide\"><div class=\"gb-layout-column-wrap gb-block-layout-column-gap-2 gb-is-responsive-column\" style=\"max-width:1342px\">\n<div class=\"wp-block-genesis-blocks-gb-column gb-block-layout-column\"><div class=\"gb-block-layout-column-inner\">\n<figure class=\"wp-block-image size-full consultation-banner-image ticss-1bdcfae2\"><img decoding=\"async\" width=\"1800\" height=\"1717\" src=\"https:\/\/cliniqueoneskin.com\/wp-content\/uploads\/2025\/11\/schedule-a-free-consultation-tab.jpg\" alt=\"Onglet Prendre un rendez-vous pour une consultation gratuite\" class=\"wp-image-2418\"\/><\/figure>\n\n\n\n<div id=\"schedule-a-free-consultation\" class=\"wp-block-group consultation-form-wrapper\"><div class=\"wp-block-group__inner-container is-layout-flow wp-block-group-is-layout-flow\">\n<h4 class=\"wp-block-heading has-text-align-center title banner-form-offer mb-0 has-theme-primary-color has-text-color has-link-color wp-elements-2bbfd083beee2ff892da8aa39d0187ed\">Planifiez une consultation gratuite<\/h4>\n\n\n\n<p class=\"has-text-align-center subtitle mb-0\">Atteignez vos objectifs anti-\u00e2ge d\u00e8s aujourd&rsquo;hui<\/p>\n\n\n\n<div class=\"consultation-footer\"><iframe src=\"https:\/\/api.leadconnectorhq.com\/widget\/survey\/CvLbjmPL0MIi24bbZu6R\" style=\"border:none;width:100%; height: auto;\" scrolling=\"no\" id=\"CvLbjmPL0MIi24bbZu6R\" title=\"survey\"><\/iframe><\/div><script src=\"https:\/\/link.msgsndr.com\/js\/form_embed.js\"><\/script><style>.consultation-footer{\nheight: auto;\n}\n.consultation-footer iframe{\nheight: 100%;\nmin-height: 398px;\n}\n<\/style>\n<\/div><\/div>\n<\/div><\/div>\n\n\n\n<div class=\"wp-block-genesis-blocks-gb-column gb-block-layout-column\"><div class=\"gb-block-layout-column-inner\">\n<p><\/p>\n<\/div><\/div>\n<\/div><\/div>\n<\/div><\/div>\n\n<div class=\"wp-block-cover alignfull is-light ticss-4686347e\"><span aria-hidden=\"true\" class=\"wp-block-cover__background has-theme-primary-background-color has-background-dim-0 has-background-dim\"><\/span><div class=\"wp-block-cover__inner-container is-layout-flow wp-block-cover-is-layout-flow\">\n<div style=\"height:100px\" aria-hidden=\"true\" class=\"wp-block-spacer is-style-global-spacer\"><\/div>\n\n\n\n<div class=\"wp-block-genesis-blocks-gb-columns gb-layout-columns-1 gb-1-col-equal\"><div class=\"gb-layout-column-wrap gb-block-layout-column-gap-2 gb-is-responsive-column\">\n<div class=\"wp-block-genesis-blocks-gb-column gb-block-layout-column\"><div class=\"gb-block-layout-column-inner\">\n<h2 class=\"wp-block-heading has-text-align-center ticss-e11c162a mb-40 has-theme-primary-color has-text-color has-link-color wp-elements-6cb72accb6ef432765959e53a2d4e356\">Pr\u00eat pour les prochaines \u00e9tapes ?<\/h2>\n\n\n\n<div class=\"wp-block-genesis-blocks-gb-container ticss-20c0e049 gb-block-container\"><div class=\"gb-container-inside\"><div class=\"gb-container-content\" style=\"max-width:816px\">\n<div class=\"wp-block-buttons ticss-ab47ca59 is-content-justification-center is-layout-flex wp-container-core-buttons-is-layout-16018d1d wp-block-buttons-is-layout-flex\">\n<div class=\"wp-block-button has-custom-width wp-block-button__width-50 is-style-outline is-style-outline--1\"><a class=\"wp-block-button__link wp-element-button\" href=\"https:\/\/cliniqueoneskin.com\/fr\/treatments\/\">VOIR LES TRAITEMENTS ASSOCI\u00c9S<\/a><\/div>\n\n\n\n<div class=\"wp-block-button has-custom-width wp-block-button__width-50 is-style-outline is-style-outline--2\"><a class=\"wp-block-button__link wp-element-button\" href=\"https:\/\/cliniqueoneskin.com\/fr\/colis\/\">D\u00c9COUVREZ NOS FORFAITS SIGNATURE<\/a><\/div>\n\n\n\n<div class=\"wp-block-button has-custom-width wp-block-button__width-50 is-style-outline is-style-outline--3\"><a class=\"wp-block-button__link wp-element-button\" href=\"https:\/\/cliniqueoneskin.com\/fr\/colis\/\">VOIR LES TRANSFORMATIONS<\/a><\/div>\n\n\n\n<div class=\"wp-block-button has-custom-width wp-block-button__width-50 is-style-outline is-style-outline--4\"><a class=\"wp-block-button__link wp-element-button\" href=\"https:\/\/cliniqueoneskin.com\/fr\/nous-contacter\/#schedule-a-free-consultation\">R\u00c9SERVER UNE CONSULTATION<\/a><\/div>\n<\/div>\n<\/div><\/div><\/div>\n<\/div><\/div>\n<\/div><\/div>\n\n\n\n<div style=\"height:100px\" aria-hidden=\"true\" class=\"wp-block-spacer is-style-global-spacer\"><\/div>\n<\/div><\/div>\n","protected":false},"excerpt":{"rendered":"<p>Description Notre philosophie<\/p>\n","protected":false},"author":1,"featured_media":0,"parent":0,"menu_order":0,"comment_status":"closed","ping_status":"closed","template":"page-templates\/blocks.php","meta":{"_genesis_hide_title":false,"_genesis_hide_breadcrumbs":false,"_genesis_hide_singular_image":false,"_genesis_hide_footer_widgets":false,"_genesis_custom_body_class":"","_genesis_custom_post_class":"","_genesis_layout":"","footnotes":""},"class_list":{"0":"post-2235","1":"page","2":"type-page","3":"status-publish","5":"entry","6":"has-post-thumbnail"},"yoast_head":"<!-- This site is optimized with the Yoast SEO plugin v26.2 - https:\/\/yoast.com\/wordpress\/plugins\/seo\/ -->\n<title>Cicatrices et vergetures - Clinique One Skin<\/title>\n<meta name=\"robots\" content=\"index, follow, max-snippet:-1, max-image-preview:large, max-video-preview:-1\" \/>\n<link rel=\"canonical\" href=\"https:\/\/cliniqueoneskin.com\/fr\/cicatrices-et-vergetures\/\" \/>\n<meta property=\"og:locale\" content=\"fr_FR\" \/>\n<meta property=\"og:type\" content=\"article\" \/>\n<meta property=\"og:title\" content=\"Cicatrices et vergetures - Clinique One Skin\" \/>\n<meta property=\"og:description\" content=\"Description Notre philosophie\" \/>\n<meta property=\"og:url\" content=\"https:\/\/cliniqueoneskin.com\/fr\/cicatrices-et-vergetures\/\" \/>\n<meta property=\"og:site_name\" content=\"Clinique One Skin\" \/>\n<meta property=\"article:publisher\" content=\"https:\/\/www.facebook.com\/p\/Clinique-One-Skin-61578120244546\/\" \/>\n<meta property=\"article:modified_time\" content=\"2026-02-16T10:00:43+00:00\" \/>\n<meta property=\"og:image\" content=\"https:\/\/cliniqueoneskin.com\/wp-content\/uploads\/2025\/10\/treatment-pages.jpg\" \/>\n\t<meta property=\"og:image:width\" content=\"1920\" \/>\n\t<meta property=\"og:image:height\" content=\"272\" \/>\n\t<meta property=\"og:image:type\" content=\"image\/jpeg\" \/>\n<meta name=\"twitter:card\" content=\"summary_large_image\" \/>\n<meta name=\"twitter:label1\" content=\"Dur\u00e9e de lecture estim\u00e9e\" \/>\n\t<meta name=\"twitter:data1\" content=\"5 minutes\" \/>\n<script type=\"application\/ld+json\" class=\"yoast-schema-graph\">{\"@context\":\"https:\/\/schema.org\",\"@graph\":[{\"@type\":\"WebPage\",\"@id\":\"https:\/\/cliniqueoneskin.com\/fr\/cicatrices-et-vergetures\/\",\"url\":\"https:\/\/cliniqueoneskin.com\/fr\/cicatrices-et-vergetures\/\",\"name\":\"Cicatrices et vergetures - Clinique One Skin\",\"isPartOf\":{\"@id\":\"https:\/\/cliniqueoneskin.com\/fr\/#website\"},\"primaryImageOfPage\":{\"@id\":\"https:\/\/cliniqueoneskin.com\/fr\/cicatrices-et-vergetures\/#primaryimage\"},\"image\":{\"@id\":\"https:\/\/cliniqueoneskin.com\/fr\/cicatrices-et-vergetures\/#primaryimage\"},\"thumbnailUrl\":\"https:\/\/cliniqueoneskin.com\/wp-content\/uploads\/2025\/10\/treatment-pages.jpg\",\"datePublished\":\"2025-11-12T11:16:00+00:00\",\"dateModified\":\"2026-02-16T10:00:43+00:00\",\"breadcrumb\":{\"@id\":\"https:\/\/cliniqueoneskin.com\/fr\/cicatrices-et-vergetures\/#breadcrumb\"},\"inLanguage\":\"fr-FR\",\"potentialAction\":[{\"@type\":\"ReadAction\",\"target\":[\"https:\/\/cliniqueoneskin.com\/fr\/cicatrices-et-vergetures\/\"]}]},{\"@type\":\"ImageObject\",\"inLanguage\":\"fr-FR\",\"@id\":\"https:\/\/cliniqueoneskin.com\/fr\/cicatrices-et-vergetures\/#primaryimage\",\"url\":\"https:\/\/cliniqueoneskin.com\/wp-content\/uploads\/2025\/10\/treatment-pages.jpg\",\"contentUrl\":\"https:\/\/cliniqueoneskin.com\/wp-content\/uploads\/2025\/10\/treatment-pages.jpg\"},{\"@type\":\"BreadcrumbList\",\"@id\":\"https:\/\/cliniqueoneskin.com\/fr\/cicatrices-et-vergetures\/#breadcrumb\",\"itemListElement\":[{\"@type\":\"ListItem\",\"position\":1,\"name\":\"Home\",\"item\":\"https:\/\/cliniqueoneskin.com\/fr\/\"},{\"@type\":\"ListItem\",\"position\":2,\"name\":\"Cicatrices et vergetures\"}]},{\"@type\":\"WebSite\",\"@id\":\"https:\/\/cliniqueoneskin.com\/fr\/#website\",\"url\":\"https:\/\/cliniqueoneskin.com\/fr\/\",\"name\":\"Clinique One Skin\",\"description\":\"\",\"publisher\":{\"@id\":\"https:\/\/cliniqueoneskin.com\/fr\/#organization\"},\"potentialAction\":[{\"@type\":\"SearchAction\",\"target\":{\"@type\":\"EntryPoint\",\"urlTemplate\":\"https:\/\/cliniqueoneskin.com\/fr\/?s={search_term_string}\"},\"query-input\":{\"@type\":\"PropertyValueSpecification\",\"valueRequired\":true,\"valueName\":\"search_term_string\"}}],\"inLanguage\":\"fr-FR\"},{\"@type\":\"Organization\",\"@id\":\"https:\/\/cliniqueoneskin.com\/fr\/#organization\",\"name\":\"Clinique One Skin\",\"url\":\"https:\/\/cliniqueoneskin.com\/fr\/\",\"logo\":{\"@type\":\"ImageObject\",\"inLanguage\":\"fr-FR\",\"@id\":\"https:\/\/cliniqueoneskin.com\/fr\/#\/schema\/logo\/image\/\",\"url\":\"https:\/\/cliniqueoneskin.com\/wp-content\/uploads\/2026\/04\/clinique-one-skin-logo.svg\",\"contentUrl\":\"https:\/\/cliniqueoneskin.com\/wp-content\/uploads\/2026\/04\/clinique-one-skin-logo.svg\",\"width\":389,\"height\":164,\"caption\":\"Clinique One Skin\"},\"image\":{\"@id\":\"https:\/\/cliniqueoneskin.com\/fr\/#\/schema\/logo\/image\/\"},\"sameAs\":[\"https:\/\/www.facebook.com\/p\/Clinique-One-Skin-61578120244546\/\",\"https:\/\/www.instagram.com\/cliniqueoneskin\/\"]}]}<\/script>\n<!-- \/ Yoast SEO plugin. -->","yoast_head_json":{"title":"Cicatrices et vergetures - Clinique One Skin","robots":{"index":"index","follow":"follow","max-snippet":"max-snippet:-1","max-image-preview":"max-image-preview:large","max-video-preview":"max-video-preview:-1"},"canonical":"https:\/\/cliniqueoneskin.com\/fr\/cicatrices-et-vergetures\/","og_locale":"fr_FR","og_type":"article","og_title":"Cicatrices et vergetures - Clinique One Skin","og_description":"Description Notre philosophie","og_url":"https:\/\/cliniqueoneskin.com\/fr\/cicatrices-et-vergetures\/","og_site_name":"Clinique One Skin","article_publisher":"https:\/\/www.facebook.com\/p\/Clinique-One-Skin-61578120244546\/","article_modified_time":"2026-02-16T10:00:43+00:00","og_image":[{"width":1920,"height":272,"url":"https:\/\/cliniqueoneskin.com\/wp-content\/uploads\/2025\/10\/treatment-pages.jpg","type":"image\/jpeg"}],"twitter_card":"summary_large_image","twitter_misc":{"Dur\u00e9e de lecture estim\u00e9e":"5 minutes"},"schema":{"@context":"https:\/\/schema.org","@graph":[{"@type":"WebPage","@id":"https:\/\/cliniqueoneskin.com\/fr\/cicatrices-et-vergetures\/","url":"https:\/\/cliniqueoneskin.com\/fr\/cicatrices-et-vergetures\/","name":"Cicatrices et vergetures - Clinique One Skin","isPartOf":{"@id":"https:\/\/cliniqueoneskin.com\/fr\/#website"},"primaryImageOfPage":{"@id":"https:\/\/cliniqueoneskin.com\/fr\/cicatrices-et-vergetures\/#primaryimage"},"image":{"@id":"https:\/\/cliniqueoneskin.com\/fr\/cicatrices-et-vergetures\/#primaryimage"},"thumbnailUrl":"https:\/\/cliniqueoneskin.com\/wp-content\/uploads\/2025\/10\/treatment-pages.jpg","datePublished":"2025-11-12T11:16:00+00:00","dateModified":"2026-02-16T10:00:43+00:00","breadcrumb":{"@id":"https:\/\/cliniqueoneskin.com\/fr\/cicatrices-et-vergetures\/#breadcrumb"},"inLanguage":"fr-FR","potentialAction":[{"@type":"ReadAction","target":["https:\/\/cliniqueoneskin.com\/fr\/cicatrices-et-vergetures\/"]}]},{"@type":"ImageObject","inLanguage":"fr-FR","@id":"https:\/\/cliniqueoneskin.com\/fr\/cicatrices-et-vergetures\/#primaryimage","url":"https:\/\/cliniqueoneskin.com\/wp-content\/uploads\/2025\/10\/treatment-pages.jpg","contentUrl":"https:\/\/cliniqueoneskin.com\/wp-content\/uploads\/2025\/10\/treatment-pages.jpg"},{"@type":"BreadcrumbList","@id":"https:\/\/cliniqueoneskin.com\/fr\/cicatrices-et-vergetures\/#breadcrumb","itemListElement":[{"@type":"ListItem","position":1,"name":"Home","item":"https:\/\/cliniqueoneskin.com\/fr\/"},{"@type":"ListItem","position":2,"name":"Cicatrices et vergetures"}]},{"@type":"WebSite","@id":"https:\/\/cliniqueoneskin.com\/fr\/#website","url":"https:\/\/cliniqueoneskin.com\/fr\/","name":"Clinique One Skin","description":"","publisher":{"@id":"https:\/\/cliniqueoneskin.com\/fr\/#organization"},"potentialAction":[{"@type":"SearchAction","target":{"@type":"EntryPoint","urlTemplate":"https:\/\/cliniqueoneskin.com\/fr\/?s={search_term_string}"},"query-input":{"@type":"PropertyValueSpecification","valueRequired":true,"valueName":"search_term_string"}}],"inLanguage":"fr-FR"},{"@type":"Organization","@id":"https:\/\/cliniqueoneskin.com\/fr\/#organization","name":"Clinique One Skin","url":"https:\/\/cliniqueoneskin.com\/fr\/","logo":{"@type":"ImageObject","inLanguage":"fr-FR","@id":"https:\/\/cliniqueoneskin.com\/fr\/#\/schema\/logo\/image\/","url":"https:\/\/cliniqueoneskin.com\/wp-content\/uploads\/2026\/04\/clinique-one-skin-logo.svg","contentUrl":"https:\/\/cliniqueoneskin.com\/wp-content\/uploads\/2026\/04\/clinique-one-skin-logo.svg","width":389,"height":164,"caption":"Clinique One Skin"},"image":{"@id":"https:\/\/cliniqueoneskin.com\/fr\/#\/schema\/logo\/image\/"},"sameAs":["https:\/\/www.facebook.com\/p\/Clinique-One-Skin-61578120244546\/","https:\/\/www.instagram.com\/cliniqueoneskin\/"]}]}},"featured_image_src":null,"featured_image_src_square":null,"_links":{"self":[{"href":"https:\/\/cliniqueoneskin.com\/fr\/wp-json\/wp\/v2\/pages\/2235","targetHints":{"allow":["GET"]}}],"collection":[{"href":"https:\/\/cliniqueoneskin.com\/fr\/wp-json\/wp\/v2\/pages"}],"about":[{"href":"https:\/\/cliniqueoneskin.com\/fr\/wp-json\/wp\/v2\/types\/page"}],"author":[{"embeddable":true,"href":"https:\/\/cliniqueoneskin.com\/fr\/wp-json\/wp\/v2\/users\/1"}],"replies":[{"embeddable":true,"href":"https:\/\/cliniqueoneskin.com\/fr\/wp-json\/wp\/v2\/comments?post=2235"}],"version-history":[{"count":0,"href":"https:\/\/cliniqueoneskin.com\/fr\/wp-json\/wp\/v2\/pages\/2235\/revisions"}],"wp:attachment":[{"href":"https:\/\/cliniqueoneskin.com\/fr\/wp-json\/wp\/v2\/media?parent=2235"}],"curies":[{"name":"wp","href":"https:\/\/api.w.org\/{rel}","templated":true}]}}