{"id":4610,"date":"2026-03-26T10:57:10","date_gmt":"2026-03-26T10:57:10","guid":{"rendered":"https:\/\/cliniqueoneskin.com\/contact\/"},"modified":"2026-04-02T14:13:55","modified_gmt":"2026-04-02T14:13:55","slug":"contact","status":"publish","type":"page","link":"https:\/\/cliniqueoneskin.com\/fr\/contact\/","title":{"rendered":"Contact"},"content":{"rendered":"\n<div class=\"wp-block-cover alignfull is-light inner-page-banner banner-form dark visible-on-tablet\"><img decoding=\"async\" width=\"1920\" height=\"873\" class=\"wp-block-cover__image-background wp-image-301 size-full\" alt=\"flexible plans for elevated care\" src=\"https:\/\/cliniqueoneskin.com\/wp-content\/uploads\/2025\/10\/flexible-plans-for-elevated-care.jpg\" data-object-fit=\"cover\"\/><span aria-hidden=\"true\" class=\"wp-block-cover__background has-background-dim-0 has-background-dim\"><\/span><div class=\"wp-block-cover__inner-container is-layout-flow wp-block-cover-is-layout-flow\">\n<div class=\"wp-block-genesis-blocks-gb-columns ticss-6c50e4c6 gb-layout-columns-1 one-column gb-columns-center\"><div class=\"gb-layout-column-wrap gb-block-layout-column-gap-2 gb-is-responsive-column\" style=\"max-width:947px\">\n<div class=\"wp-block-genesis-blocks-gb-column banner-text gb-block-layout-column\"><div class=\"gb-block-layout-column-inner\">\n<h1 class=\"wp-block-heading has-text-align-center align-left-on-mobile mb-0 contact-ico h1 has-theme-primary-color has-text-color has-link-color wp-elements-3199bfa5b63603ed09a68b53641de65c\"><i class=\"ico-logo\"><\/i>Contactez One Skin<span class=\"super is-text-gold\">\u2122<\/span><\/h1>\n<\/div><\/div>\n<\/div><\/div>\n<\/div><\/div>\n\n\n\n<div class=\"wp-block-group alignwide ticss-7160d660\"><div class=\"wp-block-group__inner-container is-layout-constrained wp-block-group-is-layout-constrained\">\n<div style=\"height:50px\" aria-hidden=\"true\" class=\"wp-block-spacer is-style-global-spacer\"><\/div>\n\n\n\n<div class=\"wp-block-genesis-blocks-gb-columns ticss-1066e77b gb-layout-columns-2 gb-2-col-equal gb-columns-center\"><div class=\"gb-layout-column-wrap gb-block-layout-column-gap-0 gb-is-responsive-column\" style=\"max-width:1586px\">\n<div class=\"wp-block-genesis-blocks-gb-column ticss-c8578caf gb-block-layout-column\"><div class=\"gb-block-layout-column-inner\">\n<h2 class=\"wp-block-heading visible-on-desktop h1 has-theme-primary-color has-text-color has-link-color wp-elements-7851ba45ef7198a08ea2072f51202433\">Contactez One Skin<span class=\"super is-text-gold\">\u2122<\/span><\/h2>\n\n\n\n<p class=\"ico-text has-headingcolor-color has-text-color has-link-color wp-elements-e4e90320b096c85a8e799eab2f10d13d\"><i class=\"phone\"><\/i> <a href=\"tel:5149833409\">(514) 983-3409<\/a><\/p>\n\n\n\n<p class=\"ico-text\"><i class=\"clock\"><\/i> 9h &#8211; 17h (Lun-Ven)<\/p>\n\n\n\n<p class=\"ico-text\"><i class=\"marker\"><\/i> 3409 Boul Le Carrefour Laval QC H7T 0P7 Canada<\/p>\n\n\n\n<iframe src=\"https:\/\/www.google.com\/maps\/embed?pb=!1m18!1m12!1m3!1d2793.3158384748094!2d-73.75919722372053!3d45.564086871075666!2m3!1f0!2f0!3f0!3m2!1i1024!2i768!4f13.1!3m3!1m2!1s0x4cc923c02468e6ed%3A0x931e7b21c2d8fed7!2s3409%20Boul.%20le%20Carrefour%2C%20Laval%2C%20QC%20H7T%202R3!5e0!3m2!1sen!2sca!4v1760595314689!5m2!1sen!2sca\" width=\"539\" height=\"467\" style=\"border:0;\" allowfullscreen=\"\" loading=\"lazy\" referrerpolicy=\"no-referrer-when-downgrade\"><\/iframe><style>iframe{\n\n    width: 100%;\n\n}\n<\/style>\n<\/div><\/div>\n\n\n\n<div class=\"wp-block-genesis-blocks-gb-column ticss-9355fb31 gb-block-layout-column\"><div class=\"gb-block-layout-column-inner\">\n<div id=\"schedule-a-free-consultation\" class=\"wp-block-group banner-form-wrapper ticss-766dba87\"><div class=\"wp-block-group__inner-container is-layout-flow wp-block-group-is-layout-flow\">\n<h2 class=\"wp-block-heading has-text-align-center h4 ticss-83096865 banner-form-offer has-theme-primary-color has-text-color has-link-color wp-elements-0ea5628a76c45a6c9c10d40195c5acea\"><strong>R\u00e9servez votre consultation gratuite<\/strong><\/h2>\n\n\n\n<p class=\"has-text-align-center h4 subtitle mb-0\">Commencez votre exp\u00e9rience anti-\u00e2ge personnalis\u00e9e<\/p>\n\n\n\n<iframe\n    src=\"https:\/\/api.leadconnectorhq.com\/widget\/form\/jUKLBKNKOwTAEHQwsubZ\"\n    style=\"width:100%;height:100%;border:none;border-radius:3px\"\n    id=\"inline-jUKLBKNKOwTAEHQwsubZ\" \n    data-layout=\"{'id':'INLINE'}\"\n    data-trigger-type=\"alwaysShow\"\n    data-trigger-value=\"\"\n    data-activation-type=\"alwaysActivated\"\n    data-activation-value=\"\"\n    data-deactivation-type=\"neverDeactivate\"\n    data-deactivation-value=\"\"\n    data-form-name=\"Contact Us Form Fr\"\n    data-height=\"1058\"\n    data-layout-iframe-id=\"inline-jUKLBKNKOwTAEHQwsubZ\"\n    data-form-id=\"jUKLBKNKOwTAEHQwsubZ\"\n    title=\"Contact Us Form Fr\"\n        >\n<\/iframe>\n<script src=\"https:\/\/link.msgsndr.com\/js\/form_embed.js\"><\/script>\n<\/div><\/div>\n<\/div><\/div>\n<\/div><\/div>\n\n\n\n<div style=\"height:50px\" aria-hidden=\"true\" class=\"wp-block-spacer visible-on-desktop is-style-global-spacer\"><\/div>\n<\/div><\/div>\n","protected":false},"excerpt":{"rendered":"","protected":false},"author":7,"featured_media":0,"parent":0,"menu_order":0,"comment_status":"closed","ping_status":"closed","template":"page-templates\/blocks.php","meta":{"_genesis_hide_title":false,"_genesis_hide_breadcrumbs":false,"_genesis_hide_singular_image":false,"_genesis_hide_footer_widgets":false,"_genesis_custom_body_class":"","_genesis_custom_post_class":"","_genesis_layout":"","footnotes":""},"class_list":{"0":"post-4610","1":"page","2":"type-page","3":"status-publish","5":"entry"},"yoast_head":"<!-- This site is optimized with the Yoast SEO plugin v26.2 - https:\/\/yoast.com\/wordpress\/plugins\/seo\/ -->\n<title>Contactez Clinique One Skin\u2122 Laval QC | Prenez rendez-vous<\/title>\n<meta name=\"description\" content=\"Contactez Clinique One Skin\u2122 \u00e0 Laval pour r\u00e9server une consultation ou parler avec notre \u00e9quipe m\u00e9dicale. Trouvez notre emplacement, nos heures d&#039;ouverture et les d\u00e9tails du support aux patients.\" \/>\n<meta name=\"robots\" content=\"index, follow, max-snippet:-1, max-image-preview:large, max-video-preview:-1\" \/>\n<link rel=\"canonical\" href=\"https:\/\/cliniqueoneskin.com\/fr\/contact\/\" \/>\n<meta property=\"og:locale\" content=\"fr_FR\" \/>\n<meta property=\"og:type\" content=\"article\" \/>\n<meta property=\"og:title\" content=\"Contactez Clinique One Skin\u2122 Laval QC | Prenez rendez-vous\" \/>\n<meta property=\"og:description\" content=\"Contactez Clinique One Skin\u2122 \u00e0 Laval pour r\u00e9server une consultation ou parler avec notre \u00e9quipe m\u00e9dicale. Trouvez notre emplacement, nos heures d&#039;ouverture et les d\u00e9tails du support aux patients.\" \/>\n<meta property=\"og:url\" content=\"https:\/\/cliniqueoneskin.com\/fr\/contact\/\" \/>\n<meta property=\"og:site_name\" content=\"Clinique One Skin\" \/>\n<meta property=\"article:publisher\" content=\"https:\/\/www.facebook.com\/p\/Clinique-One-Skin-61578120244546\/\" \/>\n<meta property=\"article:modified_time\" content=\"2026-04-02T14:13:55+00:00\" \/>\n<meta property=\"og:image\" content=\"https:\/\/cliniqueoneskin.com\/wp-content\/uploads\/2025\/10\/flexible-plans-for-elevated-care.jpg\" \/>\n\t<meta property=\"og:image:width\" content=\"1920\" \/>\n\t<meta property=\"og:image:height\" content=\"873\" \/>\n\t<meta property=\"og:image:type\" content=\"image\/jpeg\" \/>\n<meta name=\"twitter:card\" content=\"summary_large_image\" \/>\n<meta name=\"twitter:label1\" content=\"Dur\u00e9e de lecture estim\u00e9e\" \/>\n\t<meta name=\"twitter:data1\" content=\"1 minute\" \/>\n<script type=\"application\/ld+json\" class=\"yoast-schema-graph\">{\"@context\":\"https:\/\/schema.org\",\"@graph\":[{\"@type\":\"WebPage\",\"@id\":\"https:\/\/cliniqueoneskin.com\/fr\/contact\/\",\"url\":\"https:\/\/cliniqueoneskin.com\/fr\/contact\/\",\"name\":\"Contactez Clinique One Skin\u2122 Laval QC | Prenez rendez-vous\",\"isPartOf\":{\"@id\":\"https:\/\/cliniqueoneskin.com\/fr\/#website\"},\"primaryImageOfPage\":{\"@id\":\"https:\/\/cliniqueoneskin.com\/fr\/contact\/#primaryimage\"},\"image\":{\"@id\":\"https:\/\/cliniqueoneskin.com\/fr\/contact\/#primaryimage\"},\"thumbnailUrl\":\"https:\/\/cliniqueoneskin.com\/wp-content\/uploads\/2025\/10\/flexible-plans-for-elevated-care.jpg\",\"datePublished\":\"2026-03-26T10:57:10+00:00\",\"dateModified\":\"2026-04-02T14:13:55+00:00\",\"description\":\"Contactez Clinique One Skin\u2122 \u00e0 Laval pour r\u00e9server une consultation ou parler avec notre \u00e9quipe m\u00e9dicale. Trouvez notre emplacement, nos heures d'ouverture et les d\u00e9tails du support aux patients.\",\"breadcrumb\":{\"@id\":\"https:\/\/cliniqueoneskin.com\/fr\/contact\/#breadcrumb\"},\"inLanguage\":\"fr-FR\",\"potentialAction\":[{\"@type\":\"ReadAction\",\"target\":[\"https:\/\/cliniqueoneskin.com\/fr\/contact\/\"]}]},{\"@type\":\"ImageObject\",\"inLanguage\":\"fr-FR\",\"@id\":\"https:\/\/cliniqueoneskin.com\/fr\/contact\/#primaryimage\",\"url\":\"https:\/\/cliniqueoneskin.com\/wp-content\/uploads\/2025\/10\/flexible-plans-for-elevated-care.jpg\",\"contentUrl\":\"https:\/\/cliniqueoneskin.com\/wp-content\/uploads\/2025\/10\/flexible-plans-for-elevated-care.jpg\"},{\"@type\":\"BreadcrumbList\",\"@id\":\"https:\/\/cliniqueoneskin.com\/fr\/contact\/#breadcrumb\",\"itemListElement\":[{\"@type\":\"ListItem\",\"position\":1,\"name\":\"Home\",\"item\":\"https:\/\/cliniqueoneskin.com\/fr\/\"},{\"@type\":\"ListItem\",\"position\":2,\"name\":\"Contact\"}]},{\"@type\":\"WebSite\",\"@id\":\"https:\/\/cliniqueoneskin.com\/fr\/#website\",\"url\":\"https:\/\/cliniqueoneskin.com\/fr\/\",\"name\":\"Clinique One Skin\",\"description\":\"\",\"publisher\":{\"@id\":\"https:\/\/cliniqueoneskin.com\/fr\/#organization\"},\"potentialAction\":[{\"@type\":\"SearchAction\",\"target\":{\"@type\":\"EntryPoint\",\"urlTemplate\":\"https:\/\/cliniqueoneskin.com\/fr\/?s={search_term_string}\"},\"query-input\":{\"@type\":\"PropertyValueSpecification\",\"valueRequired\":true,\"valueName\":\"search_term_string\"}}],\"inLanguage\":\"fr-FR\"},{\"@type\":\"Organization\",\"@id\":\"https:\/\/cliniqueoneskin.com\/fr\/#organization\",\"name\":\"Clinique One Skin\",\"url\":\"https:\/\/cliniqueoneskin.com\/fr\/\",\"logo\":{\"@type\":\"ImageObject\",\"inLanguage\":\"fr-FR\",\"@id\":\"https:\/\/cliniqueoneskin.com\/fr\/#\/schema\/logo\/image\/\",\"url\":\"https:\/\/cliniqueoneskin.com\/wp-content\/uploads\/2026\/04\/clinique-one-skin-logo.svg\",\"contentUrl\":\"https:\/\/cliniqueoneskin.com\/wp-content\/uploads\/2026\/04\/clinique-one-skin-logo.svg\",\"width\":389,\"height\":164,\"caption\":\"Clinique One Skin\"},\"image\":{\"@id\":\"https:\/\/cliniqueoneskin.com\/fr\/#\/schema\/logo\/image\/\"},\"sameAs\":[\"https:\/\/www.facebook.com\/p\/Clinique-One-Skin-61578120244546\/\",\"https:\/\/www.instagram.com\/cliniqueoneskin\/\"]}]}<\/script>\n<!-- \/ Yoast SEO plugin. -->","yoast_head_json":{"title":"Contactez Clinique One Skin\u2122 Laval QC | Prenez rendez-vous","description":"Contactez Clinique One Skin\u2122 \u00e0 Laval pour r\u00e9server une consultation ou parler avec notre \u00e9quipe m\u00e9dicale. Trouvez notre emplacement, nos heures d'ouverture et les d\u00e9tails du support aux patients.","robots":{"index":"index","follow":"follow","max-snippet":"max-snippet:-1","max-image-preview":"max-image-preview:large","max-video-preview":"max-video-preview:-1"},"canonical":"https:\/\/cliniqueoneskin.com\/fr\/contact\/","og_locale":"fr_FR","og_type":"article","og_title":"Contactez Clinique One Skin\u2122 Laval QC | Prenez rendez-vous","og_description":"Contactez Clinique One Skin\u2122 \u00e0 Laval pour r\u00e9server une consultation ou parler avec notre \u00e9quipe m\u00e9dicale. Trouvez notre emplacement, nos heures d'ouverture et les d\u00e9tails du support aux patients.","og_url":"https:\/\/cliniqueoneskin.com\/fr\/contact\/","og_site_name":"Clinique One Skin","article_publisher":"https:\/\/www.facebook.com\/p\/Clinique-One-Skin-61578120244546\/","article_modified_time":"2026-04-02T14:13:55+00:00","og_image":[{"width":1920,"height":873,"url":"https:\/\/cliniqueoneskin.com\/wp-content\/uploads\/2025\/10\/flexible-plans-for-elevated-care.jpg","type":"image\/jpeg"}],"twitter_card":"summary_large_image","twitter_misc":{"Dur\u00e9e de lecture estim\u00e9e":"1 minute"},"schema":{"@context":"https:\/\/schema.org","@graph":[{"@type":"WebPage","@id":"https:\/\/cliniqueoneskin.com\/fr\/contact\/","url":"https:\/\/cliniqueoneskin.com\/fr\/contact\/","name":"Contactez Clinique One Skin\u2122 Laval QC | Prenez rendez-vous","isPartOf":{"@id":"https:\/\/cliniqueoneskin.com\/fr\/#website"},"primaryImageOfPage":{"@id":"https:\/\/cliniqueoneskin.com\/fr\/contact\/#primaryimage"},"image":{"@id":"https:\/\/cliniqueoneskin.com\/fr\/contact\/#primaryimage"},"thumbnailUrl":"https:\/\/cliniqueoneskin.com\/wp-content\/uploads\/2025\/10\/flexible-plans-for-elevated-care.jpg","datePublished":"2026-03-26T10:57:10+00:00","dateModified":"2026-04-02T14:13:55+00:00","description":"Contactez Clinique One Skin\u2122 \u00e0 Laval pour r\u00e9server une consultation ou parler avec notre \u00e9quipe m\u00e9dicale. Trouvez notre emplacement, nos heures d'ouverture et les d\u00e9tails du support aux patients.","breadcrumb":{"@id":"https:\/\/cliniqueoneskin.com\/fr\/contact\/#breadcrumb"},"inLanguage":"fr-FR","potentialAction":[{"@type":"ReadAction","target":["https:\/\/cliniqueoneskin.com\/fr\/contact\/"]}]},{"@type":"ImageObject","inLanguage":"fr-FR","@id":"https:\/\/cliniqueoneskin.com\/fr\/contact\/#primaryimage","url":"https:\/\/cliniqueoneskin.com\/wp-content\/uploads\/2025\/10\/flexible-plans-for-elevated-care.jpg","contentUrl":"https:\/\/cliniqueoneskin.com\/wp-content\/uploads\/2025\/10\/flexible-plans-for-elevated-care.jpg"},{"@type":"BreadcrumbList","@id":"https:\/\/cliniqueoneskin.com\/fr\/contact\/#breadcrumb","itemListElement":[{"@type":"ListItem","position":1,"name":"Home","item":"https:\/\/cliniqueoneskin.com\/fr\/"},{"@type":"ListItem","position":2,"name":"Contact"}]},{"@type":"WebSite","@id":"https:\/\/cliniqueoneskin.com\/fr\/#website","url":"https:\/\/cliniqueoneskin.com\/fr\/","name":"Clinique One Skin","description":"","publisher":{"@id":"https:\/\/cliniqueoneskin.com\/fr\/#organization"},"potentialAction":[{"@type":"SearchAction","target":{"@type":"EntryPoint","urlTemplate":"https:\/\/cliniqueoneskin.com\/fr\/?s={search_term_string}"},"query-input":{"@type":"PropertyValueSpecification","valueRequired":true,"valueName":"search_term_string"}}],"inLanguage":"fr-FR"},{"@type":"Organization","@id":"https:\/\/cliniqueoneskin.com\/fr\/#organization","name":"Clinique One Skin","url":"https:\/\/cliniqueoneskin.com\/fr\/","logo":{"@type":"ImageObject","inLanguage":"fr-FR","@id":"https:\/\/cliniqueoneskin.com\/fr\/#\/schema\/logo\/image\/","url":"https:\/\/cliniqueoneskin.com\/wp-content\/uploads\/2026\/04\/clinique-one-skin-logo.svg","contentUrl":"https:\/\/cliniqueoneskin.com\/wp-content\/uploads\/2026\/04\/clinique-one-skin-logo.svg","width":389,"height":164,"caption":"Clinique One Skin"},"image":{"@id":"https:\/\/cliniqueoneskin.com\/fr\/#\/schema\/logo\/image\/"},"sameAs":["https:\/\/www.facebook.com\/p\/Clinique-One-Skin-61578120244546\/","https:\/\/www.instagram.com\/cliniqueoneskin\/"]}]}},"featured_image_src":null,"featured_image_src_square":null,"_links":{"self":[{"href":"https:\/\/cliniqueoneskin.com\/fr\/wp-json\/wp\/v2\/pages\/4610","targetHints":{"allow":["GET"]}}],"collection":[{"href":"https:\/\/cliniqueoneskin.com\/fr\/wp-json\/wp\/v2\/pages"}],"about":[{"href":"https:\/\/cliniqueoneskin.com\/fr\/wp-json\/wp\/v2\/types\/page"}],"author":[{"embeddable":true,"href":"https:\/\/cliniqueoneskin.com\/fr\/wp-json\/wp\/v2\/users\/7"}],"replies":[{"embeddable":true,"href":"https:\/\/cliniqueoneskin.com\/fr\/wp-json\/wp\/v2\/comments?post=4610"}],"version-history":[{"count":0,"href":"https:\/\/cliniqueoneskin.com\/fr\/wp-json\/wp\/v2\/pages\/4610\/revisions"}],"wp:attachment":[{"href":"https:\/\/cliniqueoneskin.com\/fr\/wp-json\/wp\/v2\/media?parent=4610"}],"curies":[{"name":"wp","href":"https:\/\/api.w.org\/{rel}","templated":true}]}}